{"id":285,"date":"2022-07-08T17:19:29","date_gmt":"2022-07-08T17:19:29","guid":{"rendered":"https:\/\/adopcion.helpclaws.com\/?post_type=product&#038;p=285"},"modified":"2025-04-13T13:22:05","modified_gmt":"2025-04-13T13:22:05","slug":"monito","status":"publish","type":"product","link":"https:\/\/adopcion.helpclaws.com\/index.php\/product\/monito\/","title":{"rendered":"Monito"},"content":{"rendered":"<p>Soy Monito me rescataron de la calle en donde viv\u00ed mucho tiempo, tengo dos a\u00f1os aproximadamente, soy t\u00edmido con las personas, me gusta que me consientan mucho, me gusta jugar y correr. Busco una familia que me haga olvidar todo el tiempo que he vivido sin cari\u00f1o ni cuidados.<\/p>\n<p>**No Convive Con Otros Gatos ni Perros**<\/p>\n","protected":false},"excerpt":{"rendered":"<ul>\n<li>Tierno<\/li>\n<li><span style=\"vertical-align: inherit;\">Cari\u00f1oso<\/span><\/li>\n<li><span style=\"vertical-align: inherit;\">Juguet\u00f3n<\/span><\/li>\n<li><span style=\"vertical-align: inherit;\">T\u00edmido con personas<\/span><\/li>\n<li>No Convive con gatos<\/li>\n<\/ul>\n","protected":false},"featured_media":296,"comment_status":"open","ping_status":"closed","template":"","meta":[],"product_cat":[17],"product_tag":[24,23],"_links":{"self":[{"href":"https:\/\/adopcion.helpclaws.com\/index.php\/wp-json\/wp\/v2\/product\/285"}],"collection":[{"href":"https:\/\/adopcion.helpclaws.com\/index.php\/wp-json\/wp\/v2\/product"}],"about":[{"href":"https:\/\/adopcion.helpclaws.com\/index.php\/wp-json\/wp\/v2\/types\/product"}],"replies":[{"embeddable":true,"href":"https:\/\/adopcion.helpclaws.com\/index.php\/wp-json\/wp\/v2\/comments?post=285"}],"wp:featuredmedia":[{"embeddable":true,"href":"https:\/\/adopcion.helpclaws.com\/index.php\/wp-json\/wp\/v2\/media\/296"}],"wp:attachment":[{"href":"https:\/\/adopcion.helpclaws.com\/index.php\/wp-json\/wp\/v2\/media?parent=285"}],"wp:term":[{"taxonomy":"product_cat","embeddable":true,"href":"https:\/\/adopcion.helpclaws.com\/index.php\/wp-json\/wp\/v2\/product_cat?post=285"},{"taxonomy":"product_tag","embeddable":true,"href":"https:\/\/adopcion.helpclaws.com\/index.php\/wp-json\/wp\/v2\/product_tag?post=285"}],"curies":[{"name":"wp","href":"https:\/\/api.w.org\/{rel}","templated":true}]}}