{"id":136,"date":"2021-01-26T04:46:23","date_gmt":"2021-01-26T04:46:23","guid":{"rendered":"http:\/\/adopcion.helpclaws.com\/?page_id=136"},"modified":"2022-10-13T04:45:46","modified_gmt":"2022-10-13T04:45:46","slug":"solicitud-adopcion-gato-ambar","status":"publish","type":"page","link":"https:\/\/adopcion.helpclaws.com\/index.php\/solicitud-adopcion-gato-ambar\/","title":{"rendered":"Solicitud Adopci\u00f3n Gato \u00c1mbar"},"content":{"rendered":"\t\t<div data-elementor-type=\"wp-page\" data-elementor-id=\"136\" class=\"elementor elementor-136\">\n\t\t\t\t\t\t<div class=\"elementor-inner\">\n\t\t\t\t<div class=\"elementor-section-wrap\">\n\t\t\t\t\t\t\t\t\t<section class=\"elementor-section elementor-top-section elementor-element elementor-element-7fd9533 elementor-section-boxed elementor-section-height-default elementor-section-height-default\" data-id=\"7fd9533\" data-element_type=\"section\">\n\t\t\t\t\t\t<div class=\"elementor-container elementor-column-gap-default\">\n\t\t\t\t\t\t\t<div class=\"elementor-row\">\n\t\t\t\t\t<div class=\"elementor-column elementor-col-100 elementor-top-column elementor-element elementor-element-0f7bc62\" data-id=\"0f7bc62\" data-element_type=\"column\">\n\t\t\t<div class=\"elementor-column-wrap elementor-element-populated\">\n\t\t\t\t\t\t\t<div class=\"elementor-widget-wrap\">\n\t\t\t\t\t\t<div class=\"elementor-element elementor-element-bc919dc elementor-widget elementor-widget-wpforms\" data-id=\"bc919dc\" data-element_type=\"widget\" data-widget_type=\"wpforms.default\">\n\t\t\t\t<div class=\"elementor-widget-container\">\n\t\t\t<div class=\"wpforms-container wpforms-container-full\" id=\"wpforms-312\"><form id=\"wpforms-form-312\" class=\"wpforms-validate wpforms-form\" data-formid=\"312\" method=\"post\" enctype=\"multipart\/form-data\" action=\"\/index.php\/wp-json\/wp\/v2\/pages\/136\" data-token=\"54c7a057b7b17232a9e2d151f7aa18c4\"><noscript class=\"wpforms-error-noscript\">Por favor, activa JavaScript en tu navegador para completar este formulario.<\/noscript><div class=\"wpforms-field-container\"><div id=\"wpforms-312-field_3-container\" class=\"wpforms-field wpforms-field-checkbox\" data-field-id=\"3\"><label class=\"wpforms-field-label\" for=\"wpforms-312-field_3\">COMPROMISOS QUE ADQUIERE EL ADOPTANTE <span class=\"wpforms-required-label\">*<\/span><\/label><ul id=\"wpforms-312-field_3\" class=\"wpforms-field-required\"><li class=\"choice-1 depth-1\"><input type=\"checkbox\" id=\"wpforms-312-field_3_1\" name=\"wpforms[fields][3][]\" value=\"Cubrir las necesidades b\u00e1sicas del animal.\" required ><label class=\"wpforms-field-label-inline\" for=\"wpforms-312-field_3_1\">Cubrir las necesidades b\u00e1sicas del animal.<\/label><\/li><li class=\"choice-2 depth-1\"><input type=\"checkbox\" id=\"wpforms-312-field_3_2\" name=\"wpforms[fields][3][]\" value=\"El adoptante se compromete a recibir a la mascota como un miembro m\u00e1s de la casa, eso quiere decir que pase lo que pase, la mascota siempre va a estar en las decisiones de la familia y por ning\u00fan motivo debe deshacerse de este como si fuera un objeto que ya no sirve. En caso tal, el adoptante tiene la OBLIGACION de devolver a la mascota a la persona que maneja el proceso de adopci\u00f3n, m\u00e1s no entregarla a terceros (amigos, conocidos, familiares o enviarlos a fincas).\" required ><label class=\"wpforms-field-label-inline\" for=\"wpforms-312-field_3_2\">El adoptante se compromete a recibir a la mascota como un miembro m\u00e1s de la casa, eso quiere decir que pase lo que pase, la mascota siempre va a estar en las decisiones de la familia y por ning\u00fan motivo debe deshacerse de este como si fuera un objeto que ya no sirve. En caso tal, el adoptante tiene la OBLIGACION de devolver a la mascota a la persona que maneja el proceso de adopci\u00f3n, m\u00e1s no entregarla a terceros (amigos, conocidos, familiares o enviarlos a fincas).<\/label><\/li><li class=\"choice-3 depth-1\"><input type=\"checkbox\" id=\"wpforms-312-field_3_3\" name=\"wpforms[fields][3][]\" value=\"Respetarlo y hacer respetar sus derechos (Declaraci\u00f3n Universal de los Derechos del Animal, Unesco, 1978)\" required ><label class=\"wpforms-field-label-inline\" for=\"wpforms-312-field_3_3\">Respetarlo y hacer respetar sus derechos (Declaraci\u00f3n Universal de los Derechos del Animal, Unesco, 1978)<\/label><\/li><li class=\"choice-4 depth-1\"><input type=\"checkbox\" id=\"wpforms-312-field_3_4\" name=\"wpforms[fields][3][]\" value=\"Cumplir con las leyes y normas de protecci\u00f3n y tenencia de mascotas (Ley 84 de 1989, Ley 746 de 2002, C\u00f3digo Nacional de Polic\u00eda).\" required ><label class=\"wpforms-field-label-inline\" for=\"wpforms-312-field_3_4\">Cumplir con las leyes y normas de protecci\u00f3n y tenencia de mascotas (Ley 84 de 1989, Ley 746 de 2002, C\u00f3digo Nacional de Polic\u00eda).<\/label><\/li><li class=\"choice-5 depth-1\"><input type=\"checkbox\" id=\"wpforms-312-field_3_5\" name=\"wpforms[fields][3][]\" value=\"El adoptante debe enviar peri\u00f3dicamente o cuando la persona que maneja el proceso de adopci\u00f3n lo solicite, registro fotogr\u00e1fico reciente de la mascota adoptada y\/o permitir la visita domiciliaria.\" required ><label class=\"wpforms-field-label-inline\" for=\"wpforms-312-field_3_5\">El adoptante debe enviar peri\u00f3dicamente o cuando la persona que maneja el proceso de adopci\u00f3n lo solicite, registro fotogr\u00e1fico reciente de la mascota adoptada y\/o permitir la visita domiciliaria.<\/label><\/li><\/ul><\/div><div id=\"wpforms-312-field_4-container\" class=\"wpforms-field wpforms-field-radio\" data-field-id=\"4\"><label class=\"wpforms-field-label\" for=\"wpforms-312-field_4\">INFORMACI\u00d3N DEL POSIBLE ADOPTANTE * <span class=\"wpforms-required-label\">*<\/span><\/label><ul id=\"wpforms-312-field_4\" class=\"wpforms-field-required\"><li class=\"choice-1 depth-1\"><input type=\"radio\" id=\"wpforms-312-field_4_1\" name=\"wpforms[fields][4]\" value=\"Acepto\" required ><label class=\"wpforms-field-label-inline\" for=\"wpforms-312-field_4_1\">Acepto<\/label><\/li><li class=\"choice-2 depth-1\"><input type=\"radio\" id=\"wpforms-312-field_4_2\" name=\"wpforms[fields][4]\" value=\"No Acepto\" required ><label class=\"wpforms-field-label-inline\" for=\"wpforms-312-field_4_2\">No Acepto<\/label><\/li><\/ul><div class=\"wpforms-field-description\">El diligenciamiento de este formulario no significa que se me dar\u00e1 el animal en adopci\u00f3n; mis datos y referencias personales ser\u00e1n evaluados y se tomar\u00e1 una decisi\u00f3n basada en el bienestar del animal. (Recuerde que los datos aqu\u00ed consignados son de la persona directamente interesada en la adopci\u00f3n, y est\u00e1 debe ser mayor de edad).<\/div><\/div><div id=\"wpforms-312-field_5-container\" class=\"wpforms-field wpforms-field-name\" data-field-id=\"5\"><label class=\"wpforms-field-label\" for=\"wpforms-312-field_5\">Nombre <span class=\"wpforms-required-label\">*<\/span><\/label><div class=\"wpforms-field-row wpforms-field-medium\"><div class=\"wpforms-field-row-block wpforms-first wpforms-one-half\"><input type=\"text\" id=\"wpforms-312-field_5\" class=\"wpforms-field-name-first wpforms-field-required\" name=\"wpforms[fields][5][first]\" required><label for=\"wpforms-312-field_5\" class=\"wpforms-field-sublabel after \">Nombre<\/label><\/div><div class=\"wpforms-field-row-block wpforms-one-half\"><input type=\"text\" id=\"wpforms-312-field_5-last\" class=\"wpforms-field-name-last wpforms-field-required\" name=\"wpforms[fields][5][last]\" required><label for=\"wpforms-312-field_5-last\" class=\"wpforms-field-sublabel after \">Apellidos<\/label><\/div><\/div><\/div><div id=\"wpforms-312-field_6-container\" class=\"wpforms-field wpforms-field-number\" data-field-id=\"6\"><label class=\"wpforms-field-label\" for=\"wpforms-312-field_6\">Numero de Tel\u00e9fono Celular <span class=\"wpforms-required-label\">*<\/span><\/label><input type=\"number\" pattern=\"\\d*\" id=\"wpforms-312-field_6\" class=\"wpforms-field-medium wpforms-field-required\" name=\"wpforms[fields][6]\" required><\/div><div id=\"wpforms-312-field_7-container\" class=\"wpforms-field wpforms-field-email\" data-field-id=\"7\"><label class=\"wpforms-field-label\" for=\"wpforms-312-field_7\">Correo electr\u00f3nico <span class=\"wpforms-required-label\">*<\/span><\/label><input type=\"email\" id=\"wpforms-312-field_7\" class=\"wpforms-field-medium wpforms-field-required\" name=\"wpforms[fields][7]\" required><\/div><div id=\"wpforms-312-field_8-container\" class=\"wpforms-field wpforms-field-text\" data-field-id=\"8\"><label class=\"wpforms-field-label\" for=\"wpforms-312-field_8\">Direcci\u00f3n de Domicilio <span class=\"wpforms-required-label\">*<\/span><\/label><input type=\"text\" id=\"wpforms-312-field_8\" class=\"wpforms-field-medium wpforms-field-required\" name=\"wpforms[fields][8]\" required><\/div><div id=\"wpforms-312-field_29-container\" class=\"wpforms-field wpforms-field-text\" data-field-id=\"29\"><label class=\"wpforms-field-label\" for=\"wpforms-312-field_29\">Barrio de Domicilio <span class=\"wpforms-required-label\">*<\/span><\/label><input type=\"text\" id=\"wpforms-312-field_29\" class=\"wpforms-field-medium wpforms-field-required\" name=\"wpforms[fields][29]\" required><\/div><div id=\"wpforms-312-field_9-container\" class=\"wpforms-field wpforms-field-text\" data-field-id=\"9\"><label class=\"wpforms-field-label\" for=\"wpforms-312-field_9\">Profesi\u00f3n <span class=\"wpforms-required-label\">*<\/span><\/label><input type=\"text\" id=\"wpforms-312-field_9\" class=\"wpforms-field-medium wpforms-field-required\" name=\"wpforms[fields][9]\" required><\/div><div id=\"wpforms-312-field_11-container\" class=\"wpforms-field wpforms-field-textarea\" data-field-id=\"11\"><label class=\"wpforms-field-label\" for=\"wpforms-312-field_11\">Composici\u00f3n de su hogar <span class=\"wpforms-required-label\">*<\/span><\/label><textarea id=\"wpforms-312-field_11\" class=\"wpforms-field-medium wpforms-field-required\" name=\"wpforms[fields][11]\" required><\/textarea><div class=\"wpforms-field-description\">Describa cuantas personas (Adultos, ni\u00f1os, bebes u otros) componen y conviven su hogar.<\/div><\/div><div id=\"wpforms-312-field_12-container\" class=\"wpforms-field wpforms-field-radio\" data-field-id=\"12\"><label class=\"wpforms-field-label\" for=\"wpforms-312-field_12\">Su vivienda tiene <span class=\"wpforms-required-label\">*<\/span><\/label><ul id=\"wpforms-312-field_12\" class=\"wpforms-field-required\"><li class=\"choice-1 depth-1\"><input type=\"radio\" id=\"wpforms-312-field_12_1\" name=\"wpforms[fields][12]\" value=\"Patio Cubierto\" required ><label class=\"wpforms-field-label-inline\" for=\"wpforms-312-field_12_1\">Patio Cubierto<\/label><\/li><li class=\"choice-2 depth-1\"><input type=\"radio\" id=\"wpforms-312-field_12_2\" name=\"wpforms[fields][12]\" value=\"Terraza Cubierta\" required ><label class=\"wpforms-field-label-inline\" for=\"wpforms-312-field_12_2\">Terraza Cubierta<\/label><\/li><li class=\"choice-3 depth-1\"><input type=\"radio\" id=\"wpforms-312-field_12_3\" name=\"wpforms[fields][12]\" value=\"Jardin cubierto\" required ><label class=\"wpforms-field-label-inline\" for=\"wpforms-312-field_12_3\">Jardin cubierto<\/label><\/li><li class=\"choice-4 depth-1\"><input type=\"radio\" id=\"wpforms-312-field_12_4\" name=\"wpforms[fields][12]\" value=\"Patio Sin cubierta\" required ><label class=\"wpforms-field-label-inline\" for=\"wpforms-312-field_12_4\">Patio Sin cubierta<\/label><\/li><li class=\"choice-5 depth-1\"><input type=\"radio\" id=\"wpforms-312-field_12_5\" name=\"wpforms[fields][12]\" value=\"Terraza Sin Cubierta\" required ><label class=\"wpforms-field-label-inline\" for=\"wpforms-312-field_12_5\">Terraza Sin Cubierta<\/label><\/li><li class=\"choice-6 depth-1\"><input type=\"radio\" id=\"wpforms-312-field_12_6\" name=\"wpforms[fields][12]\" value=\"Jard\u00edn Sin Cubierta\" required ><label class=\"wpforms-field-label-inline\" for=\"wpforms-312-field_12_6\">Jard\u00edn Sin Cubierta<\/label><\/li><li class=\"choice-7 depth-1\"><input type=\"radio\" id=\"wpforms-312-field_12_7\" name=\"wpforms[fields][12]\" value=\"Ninguna de las anteriores\" required ><label class=\"wpforms-field-label-inline\" for=\"wpforms-312-field_12_7\">Ninguna de las anteriores<\/label><\/li><\/ul><\/div><div id=\"wpforms-312-field_13-container\" class=\"wpforms-field wpforms-field-radio\" data-field-id=\"13\"><label class=\"wpforms-field-label\" for=\"wpforms-312-field_13\">Su vivienda es: <span class=\"wpforms-required-label\">*<\/span><\/label><ul id=\"wpforms-312-field_13\" class=\"wpforms-field-required\"><li class=\"choice-1 depth-1\"><input type=\"radio\" id=\"wpforms-312-field_13_1\" name=\"wpforms[fields][13]\" value=\"Propia\" required ><label class=\"wpforms-field-label-inline\" for=\"wpforms-312-field_13_1\">Propia<\/label><\/li><li class=\"choice-2 depth-1\"><input type=\"radio\" id=\"wpforms-312-field_13_2\" name=\"wpforms[fields][13]\" value=\"Familiar\" required ><label class=\"wpforms-field-label-inline\" for=\"wpforms-312-field_13_2\">Familiar<\/label><\/li><li class=\"choice-3 depth-1\"><input type=\"radio\" id=\"wpforms-312-field_13_3\" name=\"wpforms[fields][13]\" value=\"Arriendo\" required ><label class=\"wpforms-field-label-inline\" for=\"wpforms-312-field_13_3\">Arriendo<\/label><\/li><\/ul><\/div><div id=\"wpforms-312-field_14-container\" class=\"wpforms-field wpforms-field-radio\" data-field-id=\"14\"><label class=\"wpforms-field-label\" for=\"wpforms-312-field_14\">Si su vivienda es de Arriendo, El due\u00f1o de la vivienda \u00bfEst\u00e1 de acuerdo con la tenencia de mascotas en ella? <span class=\"wpforms-required-label\">*<\/span><\/label><ul id=\"wpforms-312-field_14\" class=\"wpforms-field-required\"><li class=\"choice-1 depth-1\"><input type=\"radio\" id=\"wpforms-312-field_14_1\" name=\"wpforms[fields][14]\" value=\"Si\" required ><label class=\"wpforms-field-label-inline\" for=\"wpforms-312-field_14_1\">Si<\/label><\/li><li class=\"choice-2 depth-1\"><input type=\"radio\" id=\"wpforms-312-field_14_2\" name=\"wpforms[fields][14]\" value=\"No\" required ><label class=\"wpforms-field-label-inline\" for=\"wpforms-312-field_14_2\">No<\/label><\/li><li class=\"choice-3 depth-1\"><input type=\"radio\" id=\"wpforms-312-field_14_3\" name=\"wpforms[fields][14]\" value=\"No Aplica\" required ><label class=\"wpforms-field-label-inline\" for=\"wpforms-312-field_14_3\">No Aplica<\/label><\/li><\/ul><div class=\"wpforms-field-description\">Si su vivienda NO es de Arriendo, seleccionar la opci\u00f3n No Aplica.<\/div><\/div><div id=\"wpforms-312-field_15-container\" class=\"wpforms-field wpforms-field-textarea\" data-field-id=\"15\"><label class=\"wpforms-field-label\" for=\"wpforms-312-field_15\">\u00bfCree usted tener espacio suficiente para que el gatito\/a adoptado este c\u00f3modo y viva tranquilo toda su vida? <span class=\"wpforms-required-label\">*<\/span><\/label><textarea id=\"wpforms-312-field_15\" class=\"wpforms-field-medium wpforms-field-required\" name=\"wpforms[fields][15]\" required><\/textarea><\/div><div id=\"wpforms-312-field_16-container\" class=\"wpforms-field wpforms-field-textarea\" data-field-id=\"16\"><label class=\"wpforms-field-label\" for=\"wpforms-312-field_16\">\u00bfQu\u00e9 lugar de la vivienda estar\u00eda destinado al gatito\/a?, \u00bfD\u00f3nde dormir\u00eda?, \u00bfQu\u00e9 tiempo diario dispone usted como adoptante y directo responsable para compartir con el gatito\/a?, \u00bfEn d\u00f3nde estar\u00eda el gatito\/a mientras hay personas en la casa, y mientras no hay nadie en casa? <span class=\"wpforms-required-label\">*<\/span><\/label><textarea id=\"wpforms-312-field_16\" class=\"wpforms-field-medium wpforms-field-required\" name=\"wpforms[fields][16]\" required><\/textarea><\/div><div id=\"wpforms-312-field_17-container\" class=\"wpforms-field wpforms-field-textarea\" data-field-id=\"17\"><label class=\"wpforms-field-label\" for=\"wpforms-312-field_17\">Como es sabido, y depende de usted, cuando los gatos se mantienen en condiciones \u00f3ptimas de salud, alimentaci\u00f3n y vivienda no son transmisores de ninguna enfermedad como se cree en nuestra sociedad. Por tanto, \u00bfQu\u00e9 suceder\u00eda con el gatito\/a si alg\u00fan miembro de su familia sufre de alergias? y, \u00bfQu\u00e9 suceder\u00eda si hay una mujer embarazada o usted queda embarazada en caso de ser mujer?  <span class=\"wpforms-required-label\">*<\/span><\/label><textarea id=\"wpforms-312-field_17\" class=\"wpforms-field-medium wpforms-field-required\" name=\"wpforms[fields][17]\" required><\/textarea><\/div><div id=\"wpforms-312-field_19-container\" class=\"wpforms-field wpforms-field-textarea\" data-field-id=\"19\"><label class=\"wpforms-field-label\" for=\"wpforms-312-field_19\">\u00bfSi usted debe mudarse a otra casa\/apartamento o ciudad\/pa\u00eds qu\u00e9 suceder\u00eda con el gatito\/a? <span class=\"wpforms-required-label\">*<\/span><\/label><textarea id=\"wpforms-312-field_19\" class=\"wpforms-field-medium wpforms-field-required\" name=\"wpforms[fields][19]\" required><\/textarea><\/div><div id=\"wpforms-312-field_20-container\" class=\"wpforms-field wpforms-field-textarea\" data-field-id=\"20\"><label class=\"wpforms-field-label\" for=\"wpforms-312-field_20\">En caso de una ruptura en la familia (divorcio, fallecimiento, etc.) o de la llegada de un nuevo integrante humano \u00bfQu\u00e9 suceder\u00eda con el gatito\/a adoptado y que har\u00eda usted? <span class=\"wpforms-required-label\">*<\/span><\/label><textarea id=\"wpforms-312-field_20\" class=\"wpforms-field-medium wpforms-field-required\" name=\"wpforms[fields][20]\" required><\/textarea><\/div><div id=\"wpforms-312-field_22-container\" class=\"wpforms-field wpforms-field-radio\" data-field-id=\"22\"><label class=\"wpforms-field-label\" for=\"wpforms-312-field_22\">\u00bfEst\u00e1 dispuesto a que el gatito\/a tenga un periodo de ajuste en el que aprenda a d\u00f3nde debe ir al ba\u00f1o, se adapte a su familia, y el que usted siga un proceso de adaptaci\u00f3n y de conocimiento como adoptante?  <span class=\"wpforms-required-label\">*<\/span><\/label><ul id=\"wpforms-312-field_22\" class=\"wpforms-field-required\"><li class=\"choice-1 depth-1\"><input type=\"radio\" id=\"wpforms-312-field_22_1\" name=\"wpforms[fields][22]\" value=\"De Acuerdo\" required ><label class=\"wpforms-field-label-inline\" for=\"wpforms-312-field_22_1\">De Acuerdo<\/label><\/li><li class=\"choice-2 depth-1\"><input type=\"radio\" id=\"wpforms-312-field_22_2\" name=\"wpforms[fields][22]\" value=\"No De Acuerdo\" required ><label class=\"wpforms-field-label-inline\" for=\"wpforms-312-field_22_2\">No De Acuerdo<\/label><\/li><\/ul><\/div><div id=\"wpforms-312-field_23-container\" class=\"wpforms-field wpforms-field-radio\" data-field-id=\"23\"><label class=\"wpforms-field-label\" for=\"wpforms-312-field_23\">\u00bfEst\u00e1 de acuerdo en que se haga una verificaci\u00f3n antes y un seguimiento despu\u00e9s de la adopci\u00f3n? (Visitas domiciliarias o le solicitaremos fotos)? <span class=\"wpforms-required-label\">*<\/span><\/label><ul id=\"wpforms-312-field_23\" class=\"wpforms-field-required\"><li class=\"choice-1 depth-1\"><input type=\"radio\" id=\"wpforms-312-field_23_1\" name=\"wpforms[fields][23]\" value=\"De Acuerdo\" required ><label class=\"wpforms-field-label-inline\" for=\"wpforms-312-field_23_1\">De Acuerdo<\/label><\/li><li class=\"choice-2 depth-1\"><input type=\"radio\" id=\"wpforms-312-field_23_2\" name=\"wpforms[fields][23]\" value=\"No De Acuerdo\" required ><label class=\"wpforms-field-label-inline\" for=\"wpforms-312-field_23_2\">No De Acuerdo<\/label><\/li><\/ul><\/div><div id=\"wpforms-312-field_25-container\" class=\"wpforms-field wpforms-field-radio\" data-field-id=\"25\"><label class=\"wpforms-field-label\" for=\"wpforms-312-field_25\">AYUDA A LAS GARRAS QUE M\u00c1S LO NECESITAN. Para Help Claws continuar con la causa de ayudar a los animalitos que m\u00e1s lo necesitan, sabemos que entre todos podemos hacerlo mejor. Por ello, Usted podr\u00eda donarnos concentrado, arena para gatos, desparasitantes, apadrinar una esterilizaci\u00f3n o cualquier ayuda voluntaria. Si estas interesado en donar, d\u00e9janos saber, para enviarte mayor informaci\u00f3n. <span class=\"wpforms-required-label\">*<\/span><\/label><ul id=\"wpforms-312-field_25\" class=\"wpforms-field-required\"><li class=\"choice-1 depth-1\"><input type=\"radio\" id=\"wpforms-312-field_25_1\" name=\"wpforms[fields][25]\" value=\"Si\" required ><label class=\"wpforms-field-label-inline\" for=\"wpforms-312-field_25_1\">Si<\/label><\/li><li class=\"choice-2 depth-1\"><input type=\"radio\" id=\"wpforms-312-field_25_2\" name=\"wpforms[fields][25]\" value=\"No\" required ><label class=\"wpforms-field-label-inline\" for=\"wpforms-312-field_25_2\">No<\/label><\/li><\/ul><\/div><div id=\"wpforms-312-field_26-container\" class=\"wpforms-field wpforms-field-radio\" data-field-id=\"26\"><label class=\"wpforms-field-label\" for=\"wpforms-312-field_26\">TENGA EN CUENTA QUE SI USTED ES EL ADOPTANTE DEFINITIVO DEL GATITO\/A AL MOMENTO DE ENTREGARSELO USTED DEBE INICIAR PLAN DE VACUNACI\u00d3N, COSTEAR SU PLAQUITA DE IDENTIFICACI\u00d3N Y COLLAR, ADQUIRIR EL ALIMENTO DEL GATITO Y LOS DEM\u00c1S ELEMENTOS QUE CONSIDERE NECESARIOS PARA QUE EL GATITO\/A TENGA LA MEJOR CALIDAD DE VIDA POSIBLE, Y MAS AHORA QUE SERA PARTE DE SU FAMILIA.Y RECUERDE QUE NUESTRO INTERES ES BUSCAR UN HOGAR RESPONSABLE Y PARA TODA LA VIDA AL GATITO\/A QUE HA DECIDIDO ADOPTAR, POR ELLO NUESTRO DESEO ES PERMANECER EN CONTACTO CON USTED CON EL FIN DE ORIENTARLO Y AYUDARLO EN LO QUE NECESITE. <span class=\"wpforms-required-label\">*<\/span><\/label><ul id=\"wpforms-312-field_26\" class=\"wpforms-field-required\"><li class=\"choice-1 depth-1\"><input type=\"radio\" id=\"wpforms-312-field_26_1\" name=\"wpforms[fields][26]\" value=\"De Acuerdo\" required ><label class=\"wpforms-field-label-inline\" for=\"wpforms-312-field_26_1\">De Acuerdo<\/label><\/li><li class=\"choice-2 depth-1\"><input type=\"radio\" id=\"wpforms-312-field_26_2\" name=\"wpforms[fields][26]\" value=\"No De Acuerdo\" required ><label class=\"wpforms-field-label-inline\" for=\"wpforms-312-field_26_2\">No De Acuerdo<\/label><\/li><\/ul><\/div><div id=\"wpforms-312-field_28-container\" class=\"wpforms-field wpforms-field-checkbox\" data-field-id=\"28\"><label class=\"wpforms-field-label\" for=\"wpforms-312-field_28\">Tratamiento de Datos <span class=\"wpforms-required-label\">*<\/span><\/label><ul id=\"wpforms-312-field_28\" class=\"wpforms-field-required\"><li class=\"choice-1 depth-1\"><input type=\"checkbox\" id=\"wpforms-312-field_28_1\" name=\"wpforms[fields][28][]\" value=\"Primera He leido y acepto el Tratamiento de Datos Personalesopci\u00f3n\" required ><label class=\"wpforms-field-label-inline\" for=\"wpforms-312-field_28_1\">Primera He leido y acepto el Tratamiento de Datos Personalesopci\u00f3n<\/label><\/li><\/ul><div class=\"wpforms-field-description\">https:\/\/adopcion.helpclaws.com\/wp-content\/uploads\/2021\/01\/Autorizacion_TDP_Adopcion.pdf<\/div><\/div><\/div><div class=\"wpforms-submit-container\"><input type=\"hidden\" name=\"wpforms[id]\" value=\"312\"><input type=\"hidden\" name=\"wpforms[author]\" value=\"1\"><button type=\"submit\" name=\"wpforms[submit]\" id=\"wpforms-submit-312\" class=\"wpforms-submit\" data-alt-text=\"Enviando...\" data-submit-text=\"ENVIAR\" aria-live=\"assertive\" value=\"wpforms-submit\">ENVIAR<\/button><\/div><\/form><\/div>  <!-- .wpforms-container -->\t\t<\/div>\n\t\t\t\t<\/div>\n\t\t\t\t\t\t<\/div>\n\t\t\t\t\t<\/div>\n\t\t<\/div>\n\t\t\t\t\t\t\t\t<\/div>\n\t\t\t\t\t<\/div>\n\t\t<\/section>\n\t\t\t\t\t\t\t\t\t<\/div>\n\t\t\t<\/div>\n\t\t\t\t\t<\/div>\n\t\t","protected":false},"excerpt":{"rendered":"","protected":false},"author":1,"featured_media":0,"parent":0,"menu_order":0,"comment_status":"closed","ping_status":"closed","template":"","meta":[],"_links":{"self":[{"href":"https:\/\/adopcion.helpclaws.com\/index.php\/wp-json\/wp\/v2\/pages\/136"}],"collection":[{"href":"https:\/\/adopcion.helpclaws.com\/index.php\/wp-json\/wp\/v2\/pages"}],"about":[{"href":"https:\/\/adopcion.helpclaws.com\/index.php\/wp-json\/wp\/v2\/types\/page"}],"author":[{"embeddable":true,"href":"https:\/\/adopcion.helpclaws.com\/index.php\/wp-json\/wp\/v2\/users\/1"}],"replies":[{"embeddable":true,"href":"https:\/\/adopcion.helpclaws.com\/index.php\/wp-json\/wp\/v2\/comments?post=136"}],"version-history":[{"count":16,"href":"https:\/\/adopcion.helpclaws.com\/index.php\/wp-json\/wp\/v2\/pages\/136\/revisions"}],"predecessor-version":[{"id":318,"href":"https:\/\/adopcion.helpclaws.com\/index.php\/wp-json\/wp\/v2\/pages\/136\/revisions\/318"}],"wp:attachment":[{"href":"https:\/\/adopcion.helpclaws.com\/index.php\/wp-json\/wp\/v2\/media?parent=136"}],"curies":[{"name":"wp","href":"https:\/\/api.w.org\/{rel}","templated":true}]}}